{"id":17,"date":"2023-03-09T23:04:16","date_gmt":"2023-03-09T23:04:16","guid":{"rendered":"https:\/\/ideasqst.adestic.com\/?page_id=17"},"modified":"2023-05-23T14:21:43","modified_gmt":"2023-05-23T14:21:43","slug":"accesibilidad","status":"publish","type":"page","link":"https:\/\/seaweed.es\/en\/accesibilidad\/","title":{"rendered":"Accessibility"},"content":{"rendered":"<div data-elementor-type=\"wp-page\" data-elementor-id=\"17\" class=\"elementor elementor-17\" data-elementor-post-type=\"page\">\n\t\t\t\t\t\t\t<div class=\"elementor-element elementor-element-4be570a e-flex e-con-boxed e-con e-parent\" data-id=\"4be570a\" data-element_type=\"container\" data-settings=\"{&quot;background_background&quot;:&quot;classic&quot;,&quot;container_type&quot;:&quot;flex&quot;,&quot;content_width&quot;:&quot;boxed&quot;}\" data-core-v316-plus=\"true\">\n\t\t\t\t\t<div class=\"e-con-inner\">\n\t\t\t\t<div class=\"elementor-element elementor-element-95f9db5 elementor-widget__width-auto elementor-widget elementor-widget-shortcode\" data-id=\"95f9db5\" data-element_type=\"widget\" data-widget_type=\"shortcode.default\">\n\t\t\t\t<div class=\"elementor-widget-container\">\n\t\t\t\t\t<div class=\"elementor-shortcode\"><nav aria-label=\"postcards\" class=\"rank-math-breadcrumb\"><p><span class=\"last\">Home<\/span><\/p><\/nav><\/div>\n\t\t\t\t<\/div>\n\t\t\t\t<\/div>\n\t\t\t\t\t<\/div>\n\t\t\t\t<\/div>\n\t\t\t\t<section class=\"elementor-section elementor-top-section elementor-element elementor-element-9b34869 padding-section elementor-section-boxed elementor-section-height-default elementor-section-height-default\" data-id=\"9b34869\" data-element_type=\"section\">\n\t\t\t\t\t\t<div class=\"elementor-container elementor-column-gap-default\">\n\t\t\t\t\t<div class=\"elementor-column elementor-col-100 elementor-top-column elementor-element elementor-element-40b8385\" data-id=\"40b8385\" data-element_type=\"column\">\n\t\t\t<div class=\"elementor-widget-wrap elementor-element-populated\">\n\t\t\t\t\t\t\t\t<div class=\"elementor-element elementor-element-19aaab2 elementor-widget elementor-widget-text-editor\" data-id=\"19aaab2\" data-element_type=\"widget\" data-widget_type=\"text-editor.default\">\n\t\t\t\t<div class=\"elementor-widget-container\">\n\t\t\t<style>\/*! elementor - v3.18.0 - 20-12-2023 *\/\n.elementor-widget-text-editor.elementor-drop-cap-view-stacked .elementor-drop-cap{background-color:#69727d;color:#fff}.elementor-widget-text-editor.elementor-drop-cap-view-framed .elementor-drop-cap{color:#69727d;border:3px solid;background-color:transparent}.elementor-widget-text-editor:not(.elementor-drop-cap-view-default) .elementor-drop-cap{margin-top:8px}.elementor-widget-text-editor:not(.elementor-drop-cap-view-default) .elementor-drop-cap-letter{width:1em;height:1em}.elementor-widget-text-editor .elementor-drop-cap{float:left;text-align:center;line-height:1;font-size:50px}.elementor-widget-text-editor .elementor-drop-cap-letter{display:inline-block}<\/style>\t\t\t\t<p><strong>Declaraci\u00f3n de accesibilidad<\/strong><\/p><p>Seaweed se ha comprometido a hacer accesibles sus sitios web de conformidad con el Real Decreto 1112\/2018, de 7 de septiembre, sobre accesibilidad de los sitios web y aplicaciones para dispositivos m\u00f3viles del sector p\u00fablico.<\/p><p><strong>SITUACI\u00d3N DE CUMPLIMIENTO<\/strong><br \/>Este sitio web es parcialmente conforme con el RD 1112\/2018 debido a las excepciones y a la falta de conformidad de los aspectos que se indican a continuaci\u00f3n.<\/p><p><strong>CONTENIDO NO ACCESIBLE<\/strong><br \/>El contenido que se recoge a continuaci\u00f3n no es accesible por lo siguiente: <br \/>Falta de conformidad con el RD 1112\/2018:<br \/>En el portal pueden existir contenidos en otros idiomas en los que no est\u00e1 etiquetado correctamente el cambio de idioma<br \/>Los elementos multimedia solo audio no tienen alternativa<br \/>Existen v\u00eddeos sin subt\u00edtulos<br \/>Hay contenido textual sin un contraste suficiente<br \/>Se observa como en algunos casos el foco no cumple con el m\u00ednimo ratio de contraste requerido<br \/>En alg\u00fan caso puede producirse solapamiento de contenido<br \/>Existen documentos PDF con problemas de accesibilidad<br \/>Carga desproporcionada:<br \/>No aplica.<\/p><p><strong>PREPARACI\u00d3N DE LA PRESENTE DECLARACI\u00d3N DE ACCESIBILIDAD<\/strong><br \/>La presente declaraci\u00f3n fue preparada el 23\/05\/2023.<br \/>El m\u00e9todo empleado para la presente declaraci\u00f3n ha sido una autoevaluaci\u00f3n realizada por la propia Agencia con el soporte de la Herramienta IRA (Informe de Revisi\u00f3n de Accesibilidad) del Observatorio de Accesibilidad.<\/p><p><strong>OBSERVACIONES Y DATOS DE CONTACTO<\/strong><br \/>Comunicaciones sobre requisitos de accesibilidad<br \/>Puede realizar comunicaciones sobre requisitos de accesibilidad (art\u00edculo 10.2.a del RD 1112\/2018) como, por ejemplo:<br \/>informar sobre cualquier posible incumplimiento por parte de este sitio web<br \/>transmitir otras dificultades de acceso al contenido<br \/>formular cualquier otra consulta o sugerencia de mejora relativa a la accesibilidad del sitio web<br \/>a trav\u00e9s del <a href=\"https:\/\/seaweed.es\/en\/contacto\/\">Contact<\/a> formulario de contacto sobre requisitos de accesibilidad <br \/>Solicitudes de informaci\u00f3n accesible y quejas<br \/>A trav\u00e9s del &lt;poner link a formulario de la web&gt; formulario de solicitudes de informaci\u00f3n accesible y de quejas en materia de quejas de accesibilidad puede presentar:<br \/>una Queja relativa al cumplimiento de los requisitos del RD 1112\/2018 o<br \/>una Solicitud de Informaci\u00f3n accesible relativa a:<br \/>contenidos que est\u00e1n excluidos del \u00e1mbito de aplicaci\u00f3n del RD 1112\/2018 seg\u00fan lo establecido por el art\u00edculo 3, apartado 4<br \/>contenidos que est\u00e1n exentos del cumplimiento de los requisitos de accesibilidad por imponer una carga desproporcionada.<br \/>En la Solicitud de informaci\u00f3n accesible, se debe concretar, con toda claridad, los hechos, razones y petici\u00f3n que permitan constatar que se trata de una solicitud razonable y leg\u00edtima.<br \/><strong><br \/>PROCEDIMIENTO DE APLICACI\u00d3N<\/strong><br \/>Si una vez realizada una solicitud de informaci\u00f3n accesible o queja, \u00e9sta hubiera sido desestimada, no se estuviera de acuerdo con la decisi\u00f3n adoptada, o la respuesta no cumpliera los requisitos contemplados en el art\u00edculo 12.5 del RD 1112\/2018, la persona interesada podr\u00e1 iniciar una reclamaci\u00f3n. Igualmente se podr\u00e1 iniciar una reclamaci\u00f3n en el caso de no haber obtenido respuesta.<br \/>El procedimiento reclamaci\u00f3n recogido en el art\u00edculo 13 del RD 1112\/2018, puede iniciarse a trav\u00e9s de este enlace.<br \/><strong><br \/>CONTENIDO OPCIONAL<\/strong><br \/>El sitio web:<br \/>se ha dise\u00f1ado adapt\u00e1ndose a los est\u00e1ndares y normativas vigentes en relaci\u00f3n a la accesibilidad, cumpliendo con los puntos de verificaci\u00f3n de prioridad 2 (AA) definidos en la especificaci\u00f3n de Pautas de Accesibilidad al Contenido en la Web (WCAG 2.1)<br \/>est\u00e1 optimizado para las \u00faltimas versiones vigentes de Chrome, Edge, Firefox, Safari y Opera<br \/>est\u00e1 dise\u00f1ado para su correcta visualizaci\u00f3n en cualquier resoluci\u00f3n y dispositivo de escritorio, tabletas o m\u00f3viles (dise\u00f1o responsive)<br \/>se ha realizado utilizando HTML5 como lenguaje de marcado y hojas de estilo CSS 3 para su dise\u00f1o<br \/>Adem\u00e1s, se realiza un trabajo continuo de auditor\u00eda y revisi\u00f3n de contenidos para facilitar su interpretaci\u00f3n y mejorar la navegaci\u00f3n por el portal web.<\/p>\t\t\t\t\t\t<\/div>\n\t\t\t\t<\/div>\n\t\t\t\t\t<\/div>\n\t\t<\/div>\n\t\t\t\t\t\t\t<\/div>\n\t\t<\/section>\n\t\t\t\t\t\t\t<\/div>","protected":false},"excerpt":{"rendered":"<p>Declaraci\u00f3n de accesibilidad Seaweed se ha comprometido a hacer accesibles sus sitios web de conformidad con el Real Decreto 1112\/2018, de 7 de septiembre, sobre accesibilidad de los sitios web y aplicaciones para dispositivos m\u00f3viles del sector p\u00fablico. SITUACI\u00d3N DE CUMPLIMIENTOEste sitio web es parcialmente conforme con el RD 1112\/2018 debido a las excepciones y [&hellip;]<\/p>","protected":false},"author":2,"featured_media":0,"parent":0,"menu_order":0,"comment_status":"closed","ping_status":"closed","template":"","meta":{"footnotes":""},"_links":{"self":[{"href":"https:\/\/seaweed.es\/en\/wp-json\/wp\/v2\/pages\/17"}],"collection":[{"href":"https:\/\/seaweed.es\/en\/wp-json\/wp\/v2\/pages"}],"about":[{"href":"https:\/\/seaweed.es\/en\/wp-json\/wp\/v2\/types\/page"}],"author":[{"embeddable":true,"href":"https:\/\/seaweed.es\/en\/wp-json\/wp\/v2\/users\/2"}],"replies":[{"embeddable":true,"href":"https:\/\/seaweed.es\/en\/wp-json\/wp\/v2\/comments?post=17"}],"version-history":[{"count":29,"href":"https:\/\/seaweed.es\/en\/wp-json\/wp\/v2\/pages\/17\/revisions"}],"predecessor-version":[{"id":2851,"href":"https:\/\/seaweed.es\/en\/wp-json\/wp\/v2\/pages\/17\/revisions\/2851"}],"wp:attachment":[{"href":"https:\/\/seaweed.es\/en\/wp-json\/wp\/v2\/media?parent=17"}],"curies":[{"name":"wp","href":"https:\/\/api.w.org\/{rel}","templated":true}]}}